{"id":60,"date":"2024-01-23T12:56:56","date_gmt":"2024-01-23T11:56:56","guid":{"rendered":"http:\/\/europeaninterculturaldialogue.ameyfe.es\/?page_id=60"},"modified":"2024-01-24T10:46:48","modified_gmt":"2024-01-24T09:46:48","slug":"agencia-nacional","status":"publish","type":"page","link":"https:\/\/europeaninterculturaldialogue.ameyfe.es\/?page_id=60","title":{"rendered":"Agencia Nacional"},"content":{"rendered":"<div class=\"wp-block-image\">\n<figure class=\"aligncenter size-full is-resized\"><img decoding=\"async\" src=\"http:\/\/careerchoices.ameyfe.es\/wp-content\/uploads\/sites\/7\/2023\/03\/image.png\" alt=\"\" class=\"wp-image-36\" style=\"width:300px;height:162px\"\/><\/figure>\n<\/div>\n\n\n<p><strong>El Instituto de la Juventud<\/strong>&nbsp;es un organismo p\u00fablico, adscrito al Ministerio de Derechos Sociales y Agenda 2030, cuya actividad principal se dirige a promover actuaciones en beneficio de los y las j\u00f3venes.<\/p>\n\n\n\n<h2 class=\"wp-block-heading\">Objetivos del Injuve<\/h2>\n\n\n\n<ul class=\"wp-block-list\">\n<li>Promover la igualdad de oportunidades entre los y las j\u00f3venes<\/li>\n\n\n\n<li>Propiciar la participaci\u00f3n libre y eficaz de la juventud en el desarrollo pol\u00edtico, social, econ\u00f3mico y cultural de Espa\u00f1a<\/li>\n\n\n\n<li>Impulsar la colaboraci\u00f3n con los restantes departamentos ministeriales y las dem\u00e1s administraciones p\u00fablicas, cuyas actividades inciden sobre este sector de la poblaci\u00f3n.<\/li>\n<\/ul>\n\n\n\n<p>En el desarrollo de estos objetivos tiene una especial relevancia la colaboraci\u00f3n con los distintos Ministerios, con los organismos de juventud de las comunidades aut\u00f3nomas y con los ayuntamientos, a trav\u00e9s de la FEMP, para lo cual existen mecanismos espec\u00edficos de trabajo. Al mismo nivel de importancia se sit\u00faa la colaboraci\u00f3n con el movimiento asociativo juvenil, en este caso, a trav\u00e9s del Consejo de la Juventud de Espa\u00f1a. El Consejo Rector del organismo asegura la participaci\u00f3n de las asociaciones juveniles en las pol\u00edticas gubernamentales en materia de juventud.<\/p>\n","protected":false},"excerpt":{"rendered":"<p>El Instituto de la Juventud&nbsp;es un organismo p\u00fablico, adscrito al Ministerio de Derechos Sociales y Agenda 2030, cuya actividad principal se dirige a promover actuaciones en beneficio de los y las j\u00f3venes. Objetivos del Injuve En el desarrollo de estos objetivos tiene una especial relevancia la colaboraci\u00f3n con los distintos Ministerios, con los organismos de juventud de las comunidades aut\u00f3nomas y con los ayuntamientos, a trav\u00e9s de la FEMP, para lo cual existen mecanismos espec\u00edficos de trabajo. Al mismo nivel de importancia se sit\u00faa la colaboraci\u00f3n con el movimiento asociativo juvenil, en este caso, a trav\u00e9s del Consejo de la Juventud de Espa\u00f1a. El Consejo Rector del organismo asegura la participaci\u00f3n de las asociaciones juveniles en las pol\u00edticas gubernamentales en materia de juventud.<\/p>\n","protected":false},"author":1,"featured_media":0,"parent":0,"menu_order":0,"comment_status":"closed","ping_status":"closed","template":"","meta":{"footnotes":""},"class_list":["post-60","page","type-page","status-publish","hentry"],"_links":{"self":[{"href":"https:\/\/europeaninterculturaldialogue.ameyfe.es\/index.php?rest_route=\/wp\/v2\/pages\/60","targetHints":{"allow":["GET"]}}],"collection":[{"href":"https:\/\/europeaninterculturaldialogue.ameyfe.es\/index.php?rest_route=\/wp\/v2\/pages"}],"about":[{"href":"https:\/\/europeaninterculturaldialogue.ameyfe.es\/index.php?rest_route=\/wp\/v2\/types\/page"}],"author":[{"embeddable":true,"href":"https:\/\/europeaninterculturaldialogue.ameyfe.es\/index.php?rest_route=\/wp\/v2\/users\/1"}],"replies":[{"embeddable":true,"href":"https:\/\/europeaninterculturaldialogue.ameyfe.es\/index.php?rest_route=%2Fwp%2Fv2%2Fcomments&post=60"}],"version-history":[{"count":2,"href":"https:\/\/europeaninterculturaldialogue.ameyfe.es\/index.php?rest_route=\/wp\/v2\/pages\/60\/revisions"}],"predecessor-version":[{"id":198,"href":"https:\/\/europeaninterculturaldialogue.ameyfe.es\/index.php?rest_route=\/wp\/v2\/pages\/60\/revisions\/198"}],"wp:attachment":[{"href":"https:\/\/europeaninterculturaldialogue.ameyfe.es\/index.php?rest_route=%2Fwp%2Fv2%2Fmedia&parent=60"}],"curies":[{"name":"wp","href":"https:\/\/api.w.org\/{rel}","templated":true}]}}