{"id":56,"date":"2024-01-23T12:55:37","date_gmt":"2024-01-23T11:55:37","guid":{"rendered":"http:\/\/europeaninterculturaldialogue.ameyfe.es\/?page_id=56"},"modified":"2024-01-23T13:56:21","modified_gmt":"2024-01-23T12:56:21","slug":"que-hacemos","status":"publish","type":"page","link":"https:\/\/europeaninterculturaldialogue.ameyfe.es\/?page_id=56","title":{"rendered":"\u00bfQu\u00e9 hacemos?"},"content":{"rendered":"\n<h3 class=\"wp-block-heading\"><strong>El proyecto:<\/strong><\/h3>\n\n\n\n<p>Quer\u00edamos lograr mediante la implementaci\u00f3n del proyecto que este intercambio juvenil promoviera los derechos culturales, el aprendizaje intercultural y contrarrestara las narrativas nacionalistas entre los j\u00f3venes, buscando as\u00ed un mejor di\u00e1logo intercultural en Europa.<\/p>\n\n\n\n<h3 class=\"wp-block-heading\"><strong>Objetivos de nuestro proyecto:<\/strong><\/h3>\n\n\n\n<ul class=\"wp-block-list\">\n<li>Enfatizar la importancia de los derechos culturales y el di\u00e1logo de aprendizaje intercultural como medios para prevenir conflictos \u00e9tnicos y la radicalizaci\u00f3n de la juventud.<\/li>\n\n\n\n<li>Promover la inclusi\u00f3n, aceptaci\u00f3n y respeto por otras culturas entre los participantes, quienes fueron beneficiarios directos del intercambio juvenil.<\/li>\n\n\n\n<li>Subrayar c\u00f3mo las iniciativas lideradas por j\u00f3venes podr\u00edan disuadir el nacionalismo y la radicalizaci\u00f3n, y promover a\u00fan m\u00e1s el di\u00e1logo intercultural a nivel comunitario en sociedades multiculturales.<\/li>\n\n\n\n<li>Equipar a los j\u00f3venes con informaci\u00f3n sobre discurso\/crimen de odio, extremismo violento y radicalizaci\u00f3n que condujeron a la ret\u00f3rica nacionalista, para ayudarles a adquirir competencias interculturales.<\/li>\n\n\n\n<li>Promover la participaci\u00f3n de los j\u00f3venes en la vida c\u00edvica como una forma de abogar y practicar el aprendizaje y di\u00e1logo intercultural en las comunidades en las que viv\u00edan.<br><\/li>\n<\/ul>\n\n\n\n<h3 class=\"wp-block-heading\"><strong>Actividades implementadas:<\/strong><\/h3>\n\n\n\n<p>30 j\u00f3venes participaron en nuestro proyecto con la participaci\u00f3n de 5 participantes de cada pa\u00eds. Entre los participantes hubo j\u00f3venes con oportunidades limitadas.<br>Durante las actividades del intercambio juvenil, se utilizaron herramientas y m\u00e9todos de educaci\u00f3n no formal, como cuestionarios (Kahoot, Menti), juegos de roles, debates, presentaciones, tareas de trabajo en grupo, resoluci\u00f3n de problemas, etc. El lugar permiti\u00f3 a los participantes llevar a cabo tareas de trabajo en grupo, participar en discusiones y realizar presentaciones. Hubo 1 facilitador a cargo de las actividades del intercambio juvenil junto con los l\u00edderes de grupo de cada pa\u00eds participante. El facilitador fue seleccionado en base a su experiencia en trabajar con j\u00f3venes, su buen conocimiento del tema del nacionalismo, el di\u00e1logo intercultural y el multiculturalismo, sus habilidades en el uso de la educaci\u00f3n no formal y su conocimiento sobre la financiaci\u00f3n juvenil de la UE. Nuestros socios ofrecieron su apoyo para identificar las mejores actividades para los participantes, brindaron apoyo para elaborar el cronograma de actividades y ofrecieron informaci\u00f3n sobre las sesiones del intercambio juvenil y los resultados del aprendizaje.<\/p>\n\n\n\n<h3 class=\"wp-block-heading\"><strong>Resultados obtenidos:<\/strong><\/h3>\n\n\n\n<ul class=\"wp-block-list\">\n<li>Participar en una experiencia intercultural y entorno.<\/li>\n\n\n\n<li>Empoderar a los j\u00f3venes como actores proactivos.<\/li>\n\n\n\n<li>Desarrollar el sentido de responsabilidad.<\/li>\n\n\n\n<li>Adquirir nuevas habilidades intra e interpersonales en desarrollo.<\/li>\n\n\n\n<li>Ciudadan\u00eda activa.<\/li>\n\n\n\n<li>Formar parte de una experiencia con impacto a largo plazo.<\/li>\n\n\n\n<li>Crear redes de contacto.<\/li>\n<\/ul>\n","protected":false},"excerpt":{"rendered":"<p>El proyecto: Quer\u00edamos lograr mediante la implementaci\u00f3n del proyecto que este intercambio juvenil promoviera los derechos culturales, el aprendizaje intercultural y contrarrestara las narrativas nacionalistas entre los j\u00f3venes, buscando as\u00ed un mejor di\u00e1logo intercultural en Europa. Objetivos de nuestro proyecto: Actividades implementadas: 30 j\u00f3venes participaron en nuestro proyecto con la participaci\u00f3n de 5 participantes de cada pa\u00eds. Entre los participantes hubo j\u00f3venes con oportunidades limitadas.Durante las actividades del intercambio juvenil, se utilizaron herramientas y m\u00e9todos de educaci\u00f3n no formal, como cuestionarios (Kahoot, Menti), juegos de roles, debates, presentaciones, tareas de trabajo en grupo, resoluci\u00f3n de problemas, etc. El lugar permiti\u00f3 a los participantes llevar a cabo tareas de trabajo en grupo, participar en discusiones y realizar presentaciones. Hubo 1 facilitador a cargo de las actividades del intercambio juvenil junto con los l\u00edderes de grupo de cada pa\u00eds participante. El facilitador fue seleccionado en base a su experiencia en trabajar con j\u00f3venes, su buen conocimiento del tema del nacionalismo, el di\u00e1logo intercultural y el multiculturalismo, sus habilidades en el uso de la educaci\u00f3n no formal y su conocimiento sobre la financiaci\u00f3n juvenil de la UE. Nuestros socios ofrecieron su apoyo para identificar las mejores actividades para los participantes, brindaron apoyo para elaborar el cronograma de actividades y ofrecieron informaci\u00f3n sobre las sesiones del intercambio juvenil y los resultados del aprendizaje. Resultados obtenidos:<\/p>\n","protected":false},"author":1,"featured_media":0,"parent":0,"menu_order":0,"comment_status":"closed","ping_status":"closed","template":"elementor_theme","meta":{"footnotes":""},"class_list":["post-56","page","type-page","status-publish","hentry"],"_links":{"self":[{"href":"https:\/\/europeaninterculturaldialogue.ameyfe.es\/index.php?rest_route=\/wp\/v2\/pages\/56","targetHints":{"allow":["GET"]}}],"collection":[{"href":"https:\/\/europeaninterculturaldialogue.ameyfe.es\/index.php?rest_route=\/wp\/v2\/pages"}],"about":[{"href":"https:\/\/europeaninterculturaldialogue.ameyfe.es\/index.php?rest_route=\/wp\/v2\/types\/page"}],"author":[{"embeddable":true,"href":"https:\/\/europeaninterculturaldialogue.ameyfe.es\/index.php?rest_route=\/wp\/v2\/users\/1"}],"replies":[{"embeddable":true,"href":"https:\/\/europeaninterculturaldialogue.ameyfe.es\/index.php?rest_route=%2Fwp%2Fv2%2Fcomments&post=56"}],"version-history":[{"count":8,"href":"https:\/\/europeaninterculturaldialogue.ameyfe.es\/index.php?rest_route=\/wp\/v2\/pages\/56\/revisions"}],"predecessor-version":[{"id":89,"href":"https:\/\/europeaninterculturaldialogue.ameyfe.es\/index.php?rest_route=\/wp\/v2\/pages\/56\/revisions\/89"}],"wp:attachment":[{"href":"https:\/\/europeaninterculturaldialogue.ameyfe.es\/index.php?rest_route=%2Fwp%2Fv2%2Fmedia&parent=56"}],"curies":[{"name":"wp","href":"https:\/\/api.w.org\/{rel}","templated":true}]}}