{"id":54,"date":"2024-01-23T12:55:13","date_gmt":"2024-01-23T11:55:13","guid":{"rendered":"http:\/\/europeaninterculturaldialogue.ameyfe.es\/?page_id=54"},"modified":"2024-01-24T09:54:23","modified_gmt":"2024-01-24T08:54:23","slug":"quienes-somos","status":"publish","type":"page","link":"https:\/\/europeaninterculturaldialogue.ameyfe.es\/?page_id=54","title":{"rendered":"\u00bfQui\u00e9nes somos?"},"content":{"rendered":"\n<hr class=\"wp-block-separator has-alpha-channel-opacity is-style-wide\"\/>\n\n\n\n<h2 class=\"wp-block-heading\">AMEFE: ASOCIACI\u00d3N MALAGUE\u00d1A DE EDUCACI\u00d3N Y FORMACI\u00d3N EUROPEA<\/h2>\n\n\n\n<p>Enmarcada en el \u00e1mbito territorial de M\u00e1laga, \u00abAMEFE\u00bb es una asociaci\u00f3n sin \u00e1nimo de lucro que naci\u00f3 hace unos a\u00f1os en M\u00e1laga con el prop\u00f3sito de informar, formar y educar a todos los usuarios e instituciones en materia de programas europeos proporcionando unas posibilidades, ventajas y servicios de uso esencial, cotidiano y generalizado. En particular, promover la participaci\u00f3n en los programas europeos y el uso de las NNTT proporcionando informaci\u00f3n, formaci\u00f3n y tramitaci\u00f3n.<\/p>\n\n\n\n<p>Para m\u00e1s informaci\u00f3n por favor visiten nuestra p\u00e1gina web:<\/p>\n\n\n<div class=\"wp-block-image\">\n<figure class=\"aligncenter size-full is-resized\"><a href=\"http:\/\/ameyfe.es\/\" target=\"_blank\" rel=\"noopener\"><img decoding=\"async\" src=\"http:\/\/nowistime.ameyfe.es\/wp-content\/uploads\/sites\/4\/2021\/09\/AMEFE-SOCIAL-REDONDA.jpg\" alt=\"\" class=\"wp-image-121\" style=\"width:177px;height:177px\"\/><\/a><\/figure>\n<\/div>\n\n\n<hr class=\"wp-block-separator has-css-opacity is-style-wide\"\/>\n\n\n\n<h2 class=\"wp-block-heading\">Bilgi ve Beceri Dernegi<\/h2>\n\n\n\n<p>Bilgi ve Beceri Dernegi es una asociaci\u00f3n nacida en Ni\u011fde, Turqu\u00eda:<\/p>\n\n\n\n<p><strong>Objetivos:<\/strong><\/p>\n\n\n\n<ul class=\"wp-block-list\">\n<li>Proporcionar informaci\u00f3n y facilitar la circulaci\u00f3n para todos los j\u00f3venes sin discriminaci\u00f3n alguna<\/li>\n\n\n\n<li>Romper prejuicios contra culturas, naciones, religiones<\/li>\n\n\n\n<li>Asegurar el desarrollo personal y profesional de los miembros de la asociaci\u00f3n y los j\u00f3venes del grupo objetivo<\/li>\n<\/ul>\n\n\n\n<p>Los objetivos de la organizaci\u00f3n para los a\u00f1os 2023-2027:<\/p>\n\n\n\n<ul class=\"wp-block-list\">\n<li>Tecnolog\u00edas innovadoras y transformaci\u00f3n digital: Las tecnolog\u00edas innovadoras y la transformaci\u00f3n digital son cada vez m\u00e1s importantes en el mundo actual.&nbsp;Al centrarse en estas \u00e1reas entre 2023 y 2027, nuestra organizaci\u00f3n puede mejorar las habilidades digitales de los j\u00f3venes, aumentar la alfabetizaci\u00f3n digital y promover la transformaci\u00f3n digital en todos los segmentos de la sociedad.<\/li>\n\n\n\n<li>Enfoque orientado a la soluci\u00f3n de problemas globales: nuestra organizaci\u00f3n puede enfocarse en temas como la sostenibilidad, el cambio clim\u00e1tico, la salud, la pobreza y la desigualdad mediante la adopci\u00f3n de un enfoque orientado a la soluci\u00f3n de problemas globales.&nbsp;Podemos realizar investigaciones sobre estos temas, desarrollar proyectos y crear conciencia.<\/li>\n\n\n\n<li>Derechos humanos y diversidad: Nuestra organizaci\u00f3n puede esforzarse por respetar los derechos humanos y promover la diversidad.&nbsp;Puede trabajar en la igualdad de g\u00e9nero, los derechos de los discapacitados y otros temas de derechos humanos, y organizar campa\u00f1as de sensibilizaci\u00f3n.<\/li>\n\n\n\n<li>Cooperaci\u00f3n y asociaci\u00f3n: Nuestra organizaci\u00f3n puede cooperar con otras organizaciones no gubernamentales, gobiernos locales y el sector privado dando importancia a los conceptos de cooperaci\u00f3n y asociaci\u00f3n.&nbsp;De esta manera, puede desarrollar proyectos m\u00e1s grandes y efectivos y utilizar los recursos de manera m\u00e1s eficiente.<\/li>\n\n\n\n<li>Cultura y arte: La importancia de la cultura y el arte en la vida social y econ\u00f3mica es cada vez mayor.&nbsp;Nuestra organizaci\u00f3n puede desarrollar la creatividad y las habilidades de autoexpresi\u00f3n de los j\u00f3venes operando en el campo de la cultura y el arte.&nbsp;Tambi\u00e9n puede contribuir al desarrollo del turismo rural a trav\u00e9s de proyectos de turismo cultural.<\/li>\n<\/ul>\n\n\n\n<p><strong>Valores:<\/strong><\/p>\n\n\n\n<ul class=\"wp-block-list\">\n<li>Amor y respeto: Amar a las personas independientemente de su raza, identidad y cultura.<\/li>\n\n\n\n<li>La uni\u00f3n hace la fuerza: Trabajando juntos es posible satisfacer las necesidades de los j\u00f3venes<\/li>\n\n\n\n<li>Mente abierta: Siempre es bueno estar abierto.<\/li>\n\n\n\n<li>Los j\u00f3venes tienen raz\u00f3n: las ideas j\u00f3venes son siempre la mayor motivaci\u00f3n de cualquier edad.<\/li>\n<\/ul>\n\n\n\n<p>Para m\u00e1s informaci\u00f3n por favor visiten nuestra p\u00e1gina web: <\/p>\n\n\n<div class=\"wp-block-image\">\n<figure class=\"aligncenter size-full is-resized\"><a href=\"https:\/\/bilgivebeceri.org\/\" target=\"_blank\" rel=\"noopener\"><img decoding=\"async\" src=\"http:\/\/theresalwayshope.ameyfe.es\/wp-content\/uploads\/sites\/12\/2023\/04\/cropped-cropped-adsiz-tasarim.jpg\" alt=\"\" class=\"wp-image-158\" style=\"width:256px;height:160px\"\/><\/a><\/figure>\n<\/div>\n\n\n<hr class=\"wp-block-separator has-css-opacity is-style-wide\"\/>\n\n\n\n<h2 class=\"wp-block-heading\">Weltgewandt. Institut f\u00fcr interkulturelle politische Bildung e.V.   <\/h2>\n\n\n\n<p>Weltgewandt ofrece educaci\u00f3n ciudadana sobre temas sociales, pol\u00edticos y econ\u00f3micos para todos. Weltgewandt, que significa \u00ababierto al mundo\u00bb, se centra en: <\/p>\n\n\n\n<ul class=\"wp-block-list\">\n<li>a) Comprender los desarrollos actuales en pol\u00edtica y sociedad.<\/li>\n\n\n\n<li>b) Fomentar una conciencia de lo que es la democracia y qu\u00e9 valores son necesarios para mantenerla.<\/li>\n\n\n\n<li>c) Alentar a los ciudadanos a participar activamente en la vida social y comunitaria. Teniendo en cuenta la existente pluralidad de las sociedades modernas, weltgewandt e.V. <\/li>\n\n\n\n<li>d) Tambi\u00e9n fortalece el di\u00e1logo entre personas de diferentes culturas, contextos sociales, generaciones y estilos de vida.<\/li>\n<\/ul>\n\n\n\n<p>Weltgewandt e.V. organiza seminarios, talleres de teatro, caf\u00e9s ling\u00fc\u00edsticos y capacitaciones que combinan temas complejos de la sociedad con enfoques creativos. La organizaci\u00f3n proporciona informaci\u00f3n y estimula discusiones sobre temas de inter\u00e9s p\u00fablico (pol\u00edticas de integraci\u00f3n y bienvenida, digitalizaci\u00f3n, cambio clim\u00e1tico, percepciones de la historia \/ cultura de la memoria, inclusi\u00f3n social, Europa). Weltgewandt promueve la conciencia, el aprendizaje continuo, la gesti\u00f3n de la pluralidad, la responsabilidad, la participaci\u00f3n c\u00edvica y comunitaria, y la apertura a nuevas ideas e iniciativas. Sus actividades tambi\u00e9n est\u00e1n dirigidas a mejorar las habilidades de TIC, en particular, de ciudadanos desfavorecidos (desempleados, con baja formaci\u00f3n, antecedentes migratorios\/refugiados).<\/p>\n\n\n\n<p>A trav\u00e9s de varios proyectos, Weltgewandt e.V. fomenta actividades conjuntas entre \u00abantiguos\u00bb y \u00abnuevos\u00bb berlineses (estos \u00faltimos con experiencia como refugiados) para mejorar la comprensi\u00f3n mutua, superar el miedo al contacto, la desconfianza y el aislamiento social. El instituto tambi\u00e9n produce material did\u00e1ctico para formadores y docentes que abarca informaci\u00f3n e inspiraciones did\u00e1cticas para experiencias de aprendizaje positivas y fruct\u00edferas.<\/p>\n\n\n\n<p>La organizaci\u00f3n opera en una zona residencial en el este de Berl\u00edn (Marzahn) donde conviven personas de diferentes culturas. El desempleo estructural y la exclusi\u00f3n social est\u00e1n ampliamente extendidos. El 40% de los votantes apoyaron a los partidos de derecha en las elecciones al Parlamento Europeo en 2019. Weltgewandt e.V. forma parte de una infraestructura activa de iniciativas, autoridades p\u00fablicas, ONG y centros comunitarios que intentan fomentar la democracia, la tolerancia y el esp\u00edritu p\u00fablico.<\/p>\n\n\n\n<p>Para m\u00e1s informaci\u00f3n por favor visiten nuestra p\u00e1gina web:<\/p>\n\n\n<div class=\"wp-block-image is-style-default\">\n<figure class=\"aligncenter size-full is-resized\"><a href=\"https:\/\/weltgewandt-ev.de\/\"><img decoding=\"async\" width=\"249\" height=\"94\" src=\"http:\/\/europeaninterculturaldialogue.ameyfe.es\/wp-content\/uploads\/sites\/17\/2024\/01\/ALEMANIA.png\" alt=\"\" class=\"wp-image-95\" style=\"width:351px\"\/><\/a><\/figure>\n<\/div>\n\n\n<hr class=\"wp-block-separator has-css-opacity is-style-wide\"\/>\n\n\n\n<h2 class=\"wp-block-heading\">Centrul Judetean de Resurse si Asistenta Educationala Vrancea<\/h2>\n\n\n\n<p>Centrul Judetean de Resurse si Asistenta Educationala Vrancea es una instituci\u00f3n educativa p\u00fablica (organismo de asesoramiento) establecida en 2006 como parte del sistema educativo preuniversitario en nuestro condado, con el prop\u00f3sito principal de ofrecer y supervisar servicios educativos espec\u00edficos para ni\u00f1os\/alumnos, maestros, padres y miembros de las comunidades locales, con el fin de garantizar el acceso a una educaci\u00f3n de calidad para todos ellos.<\/p>\n\n\n\n<p>C.J.R.A.E. Vrancea coordina las actividades de la Oficina del Condado para Asistencia Psicol\u00f3gica y Pedag\u00f3gica, las Oficinas Escolares para Asistencia Psicol\u00f3gica y Pedag\u00f3gica, las Oficinas Escolares para Logopedia y el Servicio de Evaluaci\u00f3n y Orientaci\u00f3n Educativa y Profesional. La mayor\u00eda de nuestros 49 miembros del personal son consejeros escolares: 32 (con t\u00edtulos en psicolog\u00eda y\/o pedagog\u00eda) y 10 logopedas (con t\u00edtulos en psicolog\u00eda); seg\u00fan la Ley de Educaci\u00f3n, se consideran maestros y la mayor\u00eda de ellos tambi\u00e9n ense\u00f1an psicolog\u00eda y pedagog\u00eda en las escuelas de nuestro condado.<\/p>\n\n\n\n<p>La instituci\u00f3n cuenta con 6 miembros del personal no docente (contador, bibliotecario, secretario, 2 trabajadores sociales, mantenimiento) y algunos miembros no remunerados, principalmente voluntarios que trabajan en diferentes proyectos que implementamos (en promedio, 10-15 voluntarios en cada proyecto).<\/p>\n\n\n\n<p>Para m\u00e1s informaci\u00f3n por favor visiten nuestra p\u00e1gina web:<\/p>\n\n\n<div class=\"wp-block-image\">\n<figure class=\"aligncenter size-full is-resized\"><a href=\"https:\/\/cjraevn.ro\/\" target=\"_blank\" rel=\"noopener\"><img fetchpriority=\"high\" decoding=\"async\" width=\"676\" height=\"332\" src=\"http:\/\/europeaninterculturaldialogue.ameyfe.es\/wp-content\/uploads\/sites\/17\/2024\/01\/RUMANIA.png\" alt=\"\" class=\"wp-image-97\" style=\"width:200px\" srcset=\"https:\/\/europeaninterculturaldialogue.ameyfe.es\/wp-content\/uploads\/sites\/17\/2024\/01\/RUMANIA.png 676w, https:\/\/europeaninterculturaldialogue.ameyfe.es\/wp-content\/uploads\/sites\/17\/2024\/01\/RUMANIA-300x147.png 300w\" sizes=\"(max-width: 676px) 100vw, 676px\" \/><\/a><\/figure>\n<\/div>\n\n\n<hr class=\"wp-block-separator has-alpha-channel-opacity is-style-wide\"\/>\n\n\n\n<h2 class=\"wp-block-heading\">UG Dah Teatar<\/h2>\n\n\n\n<p>UG Dah Teatar es una compa\u00f1\u00eda teatral independiente y profesional fundada en 1991 en Belgrado, Serbia. Es un colectivo art\u00edstico contempor\u00e1neo que examina cuestiones sociales basado en el principio de acci\u00f3n social y excelencia en la producci\u00f3n art\u00edstica y proyectos. El objetivo importante es acercar a los ciudadanos a la expresi\u00f3n teatral moderna y las artes relacionadas con el teatro.<\/p>\n\n\n\n<p>Adem\u00e1s de su propia investigaci\u00f3n, el Teatro DAH se orienta hacia el intercambio permanente de conocimientos, experiencias y opiniones entre artistas y profesionales del teatro de diferentes tradiciones nacionales y teatrales. Con m\u00e1s de 45 producciones teatrales, 10 colaboraciones europeas, 20 colaboraciones internacionales y 13 festivales organizados, el Teatro DAH es una de las compa\u00f1\u00edas de teatro m\u00e1s duraderas y exitosas de la regi\u00f3n. Somos miembros de diversos networks teatrales nacionales e internacionales y colaboramos con prestigiosas universidades de todo el mundo. En 2016, se public\u00f3 el libro sobre el Teatro DAH \u00abTeatro DAH, un libro de referencia\u00bb, publicado por Lexington Books. El Teatro DAH est\u00e1 incluido en el libro \u00abThe TwentyFirst Century Performance Reader\u00bb, publicado por Routledge en 2019.<\/p>\n\n\n\n<p>Nuestro centro es un lugar de encuentro para artistas, gestores culturales, especialistas, diferentes organizaciones e iniciativas, j\u00f3venes y audiencias sin importar la edad o el g\u00e9nero, de la comunidad local, la regi\u00f3n y m\u00e1s all\u00e1, mediante:<\/p>\n\n\n\n<ul class=\"wp-block-list\">\n<li>Acercar al trabajador cultural, artistas, gestores y expertos de la regi\u00f3n para encontrarse entre ellos y con la comunidad local.<\/li>\n\n\n\n<li>Crear las condiciones para la colaboraci\u00f3n y proyectos comunes.<\/li>\n\n\n\n<li>Intercambiar experiencias entre j\u00f3venes de nuestro pa\u00eds y pa\u00edses de la regi\u00f3n a trav\u00e9s del trabajo conjunto durante per\u00edodos m\u00e1s largos.<\/li>\n\n\n\n<li>Desarrollar un centro educativo moderno para las artes contempor\u00e1neas y la gesti\u00f3n que brinde oportunidades para el trabajo pr\u00e1ctico en la organizaci\u00f3n y realizaci\u00f3n de programas.<\/li>\n<\/ul>\n\n\n\n<p>Actividades:<\/p>\n\n\n\n<ul class=\"wp-block-list\">\n<li>Representaciones teatrales<\/li>\n\n\n\n<li>Festivales y encuentros<\/li>\n\n\n\n<li>Networking<\/li>\n\n\n\n<li>Colaboraci\u00f3n con grupos activistas<\/li>\n\n\n\n<li>Colaboraci\u00f3n con grupos especiales de la comunidad<\/li>\n\n\n\n<li>Proyectos educativos<\/li>\n\n\n\n<li>Demostraciones de trabajo<\/li>\n\n\n\n<li>Talleres<\/li>\n\n\n\n<li>Conferencias<\/li>\n\n\n\n<li>Giras<\/li>\n<\/ul>\n\n\n\n<p>Para m\u00e1s informaci\u00f3n por favor visiten nuestra p\u00e1gina web:<\/p>\n\n\n<div class=\"wp-block-image\">\n<figure class=\"aligncenter size-full is-resized\"><a href=\"https:\/\/dahteatarcentar.com\/\" target=\"_blank\" rel=\"noopener\"><img decoding=\"async\" width=\"512\" height=\"512\" src=\"http:\/\/europeaninterculturaldialogue.ameyfe.es\/wp-content\/uploads\/sites\/17\/2024\/01\/SERBIA.png\" alt=\"\" class=\"wp-image-100\" style=\"width:177px;height:177px\" srcset=\"https:\/\/europeaninterculturaldialogue.ameyfe.es\/wp-content\/uploads\/sites\/17\/2024\/01\/SERBIA.png 512w, https:\/\/europeaninterculturaldialogue.ameyfe.es\/wp-content\/uploads\/sites\/17\/2024\/01\/SERBIA-300x300.png 300w, https:\/\/europeaninterculturaldialogue.ameyfe.es\/wp-content\/uploads\/sites\/17\/2024\/01\/SERBIA-150x150.png 150w, https:\/\/europeaninterculturaldialogue.ameyfe.es\/wp-content\/uploads\/sites\/17\/2024\/01\/SERBIA-75x75.png 75w\" sizes=\"(max-width: 512px) 100vw, 512px\" \/><\/a><\/figure>\n<\/div>\n\n\n<hr class=\"wp-block-separator has-css-opacity is-style-wide\"\/>\n\n\n\n<h2 class=\"wp-block-heading\">Tud\u00e1s Alap\u00edtv\u00e1ny<\/h2>\n\n\n\n<p>La Tud\u00e1s Alap\u00edtv\u00e1ny (Fundaci\u00f3n del Conocimiento) se cre\u00f3 en 1994. Sus objetivos son:<\/p>\n\n\n\n<ul class=\"wp-block-list\">\n<li>apoyar a los j\u00f3venes artistas y sus exposiciones de arte;<\/li>\n\n\n\n<li>apoyar a los profesores e investigadores;<\/li>\n\n\n\n<li>apoyar la publicaci\u00f3n de libros y revistas;<\/li>\n\n\n\n<li>editar diversas publicaciones;<\/li>\n\n\n\n<li>organizar conferencias cient\u00edficas y culturales cultivar los contactos culturales entre las naciones europeas presentar y apoyar la cultura h\u00fangara en el extranjero;<\/li>\n\n\n\n<li>apoyar los estudios de los estudiantes con talento.<\/li>\n<\/ul>\n\n\n\n<p>Dentro de los objetivos generales enumerados anteriormente:<\/p>\n\n\n\n<ul class=\"wp-block-list\">\n<li>la fundaci\u00f3n presta especial atenci\u00f3n a la mejora de la competitividad de los profesores e investigadores que trabajan en de los profesores e investigadores que trabajan en el campo de la econom\u00eda o la agricultura y la de los estudiantes universitarios que participan en la educaci\u00f3n relacionada con estos campos y tambi\u00e9n de los agricultores afectados;<\/li>\n\n\n\n<li>la fundaci\u00f3n quiere conseguirlo impartiendo conocimientos actualizados sobre la econom\u00eda, la agricultura, la protecci\u00f3n del medio ambiente, el desarrollo rural, etc;<\/li>\n\n\n\n<li>la preservaci\u00f3n de los valores naturales y culturales el crecimiento de los valores culturales mediante el apoyo a nuevas obras de arte (como: estatuas, pinturas, libros, obras de teatro, literatura, m\u00fasica, etc.);<\/li>\n\n\n\n<li>la preservaci\u00f3n de las tradiciones hist\u00f3ricas;<\/li>\n\n\n\n<li>el apoyo al descubrimiento, la conservaci\u00f3n y el estudio del arte popular y la cultura popular;<\/li>\n\n\n\n<li>la ense\u00f1anza de un modo de vida saludable y una actitud sana ante la vida.<\/li>\n<\/ul>\n\n\n\n<p>Para m\u00e1s informaci\u00f3n por favor visiten nuestra p\u00e1gina web: <\/p>\n\n\n<div class=\"wp-block-image\">\n<figure class=\"aligncenter size-full is-resized\"><a href=\"https:\/\/tudasalapitvany.hu\/\" target=\"_blank\" rel=\"noopener\"><img loading=\"lazy\" decoding=\"async\" width=\"372\" height=\"158\" src=\"http:\/\/europeaninterculturaldialogue.ameyfe.es\/wp-content\/uploads\/sites\/17\/2024\/01\/HUNGRIA-1.jpg\" alt=\"\" class=\"wp-image-104\" style=\"width:350px\" srcset=\"https:\/\/europeaninterculturaldialogue.ameyfe.es\/wp-content\/uploads\/sites\/17\/2024\/01\/HUNGRIA-1.jpg 372w, https:\/\/europeaninterculturaldialogue.ameyfe.es\/wp-content\/uploads\/sites\/17\/2024\/01\/HUNGRIA-1-300x127.jpg 300w\" sizes=\"(max-width: 372px) 100vw, 372px\" \/><\/a><\/figure>\n<\/div>\n\n\n<hr class=\"wp-block-separator has-css-opacity is-style-wide\"\/>\n\n\n\n<p><\/p>\n","protected":false},"excerpt":{"rendered":"<p>AMEFE: ASOCIACI\u00d3N MALAGUE\u00d1A DE EDUCACI\u00d3N Y FORMACI\u00d3N EUROPEA Enmarcada en el \u00e1mbito territorial de M\u00e1laga, \u00abAMEFE\u00bb es una asociaci\u00f3n sin \u00e1nimo de lucro que naci\u00f3 hace unos a\u00f1os en M\u00e1laga con el prop\u00f3sito de informar, formar y educar a todos los usuarios e instituciones en materia de programas europeos proporcionando unas posibilidades, ventajas y servicios de uso esencial, cotidiano y generalizado. En particular, promover la participaci\u00f3n en los programas europeos y el uso de las NNTT proporcionando informaci\u00f3n, formaci\u00f3n y tramitaci\u00f3n. Para m\u00e1s informaci\u00f3n por favor visiten nuestra p\u00e1gina web: Bilgi ve Beceri Dernegi Bilgi ve Beceri Dernegi es una asociaci\u00f3n nacida en Ni\u011fde, Turqu\u00eda: Objetivos: Los objetivos de la organizaci\u00f3n para los a\u00f1os 2023-2027: Valores: Para m\u00e1s informaci\u00f3n por favor visiten nuestra p\u00e1gina web: Weltgewandt. Institut f\u00fcr interkulturelle politische Bildung e.V. Weltgewandt ofrece educaci\u00f3n ciudadana sobre temas sociales, pol\u00edticos y econ\u00f3micos para todos. Weltgewandt, que significa \u00ababierto al mundo\u00bb, se centra en: Weltgewandt e.V. organiza seminarios, talleres de teatro, caf\u00e9s ling\u00fc\u00edsticos y capacitaciones que combinan temas complejos de la sociedad con enfoques creativos. La organizaci\u00f3n proporciona informaci\u00f3n y estimula discusiones sobre temas de inter\u00e9s p\u00fablico (pol\u00edticas de integraci\u00f3n y bienvenida, digitalizaci\u00f3n, cambio clim\u00e1tico, percepciones de la historia \/ cultura de la memoria, inclusi\u00f3n social, Europa). Weltgewandt promueve la conciencia, el aprendizaje continuo, la gesti\u00f3n de la pluralidad, la responsabilidad, la participaci\u00f3n c\u00edvica y comunitaria, y la apertura a nuevas ideas e iniciativas. Sus actividades tambi\u00e9n est\u00e1n dirigidas a mejorar las habilidades de TIC, en particular, de ciudadanos desfavorecidos (desempleados, con baja formaci\u00f3n, antecedentes migratorios\/refugiados). A trav\u00e9s de varios proyectos, Weltgewandt e.V. fomenta actividades conjuntas entre \u00abantiguos\u00bb y \u00abnuevos\u00bb berlineses (estos \u00faltimos con experiencia como refugiados) para mejorar la comprensi\u00f3n mutua, superar el miedo al contacto, la desconfianza y el aislamiento social. El instituto tambi\u00e9n produce material did\u00e1ctico para formadores y docentes que abarca informaci\u00f3n e inspiraciones did\u00e1cticas para experiencias de aprendizaje positivas y fruct\u00edferas. La organizaci\u00f3n opera en una zona residencial en el este de Berl\u00edn (Marzahn) donde conviven personas de diferentes culturas. El desempleo estructural y la exclusi\u00f3n social est\u00e1n ampliamente extendidos. El 40% de los votantes apoyaron a los partidos de derecha en las elecciones al Parlamento Europeo en 2019. Weltgewandt e.V. forma parte de una infraestructura activa de iniciativas, autoridades p\u00fablicas, ONG y centros comunitarios que intentan fomentar la democracia, la tolerancia y el esp\u00edritu p\u00fablico. Para m\u00e1s informaci\u00f3n por favor visiten nuestra p\u00e1gina web: Centrul Judetean de Resurse si Asistenta Educationala Vrancea Centrul Judetean de Resurse si Asistenta Educationala Vrancea es una instituci\u00f3n educativa p\u00fablica (organismo de asesoramiento) establecida en 2006 como parte del sistema educativo preuniversitario en nuestro condado, con el prop\u00f3sito principal de ofrecer y supervisar servicios educativos espec\u00edficos para ni\u00f1os\/alumnos, maestros, padres y miembros de las comunidades locales, con el fin de garantizar el acceso a una educaci\u00f3n de calidad para todos ellos. C.J.R.A.E. Vrancea coordina las actividades de la Oficina del Condado para Asistencia Psicol\u00f3gica y Pedag\u00f3gica, las Oficinas Escolares para Asistencia Psicol\u00f3gica y Pedag\u00f3gica, las Oficinas Escolares para Logopedia y el Servicio de Evaluaci\u00f3n y Orientaci\u00f3n Educativa y Profesional. La mayor\u00eda de nuestros 49 miembros del personal son consejeros escolares: 32 (con t\u00edtulos en psicolog\u00eda y\/o pedagog\u00eda) y 10 logopedas (con t\u00edtulos en psicolog\u00eda); seg\u00fan la Ley de Educaci\u00f3n, se consideran maestros y la mayor\u00eda de ellos tambi\u00e9n ense\u00f1an psicolog\u00eda y pedagog\u00eda en las escuelas de nuestro condado. La instituci\u00f3n cuenta con 6 miembros del personal no docente (contador, bibliotecario, secretario, 2 trabajadores sociales, mantenimiento) y algunos miembros no remunerados, principalmente voluntarios que trabajan en diferentes proyectos que implementamos (en promedio, 10-15 voluntarios en cada proyecto). Para m\u00e1s informaci\u00f3n por favor visiten nuestra p\u00e1gina web: UG Dah Teatar UG Dah Teatar es una compa\u00f1\u00eda teatral independiente y profesional fundada en 1991 en Belgrado, Serbia. Es un colectivo art\u00edstico contempor\u00e1neo que examina cuestiones sociales basado en el principio de acci\u00f3n social y excelencia en la producci\u00f3n art\u00edstica y proyectos. El objetivo importante es acercar a los ciudadanos a la expresi\u00f3n teatral moderna y las artes relacionadas con el teatro. Adem\u00e1s de su propia investigaci\u00f3n, el Teatro DAH se orienta hacia el intercambio permanente de conocimientos, experiencias y opiniones entre artistas y profesionales del teatro de diferentes tradiciones nacionales y teatrales. Con m\u00e1s de 45 producciones teatrales, 10 colaboraciones europeas, 20 colaboraciones internacionales y 13 festivales organizados, el Teatro DAH es una de las compa\u00f1\u00edas de teatro m\u00e1s duraderas y exitosas de la regi\u00f3n. Somos miembros de diversos networks teatrales nacionales e internacionales y colaboramos con prestigiosas universidades de todo el mundo. En 2016, se public\u00f3 el libro sobre el Teatro DAH \u00abTeatro DAH, un libro de referencia\u00bb, publicado por Lexington Books. El Teatro DAH est\u00e1 incluido en el libro \u00abThe TwentyFirst Century Performance Reader\u00bb, publicado por Routledge en 2019. Nuestro centro es un lugar de encuentro para artistas, gestores culturales, especialistas, diferentes organizaciones e iniciativas, j\u00f3venes y audiencias sin importar la edad o el g\u00e9nero, de la comunidad local, la regi\u00f3n y m\u00e1s all\u00e1, mediante: Actividades: Para m\u00e1s informaci\u00f3n por favor visiten nuestra p\u00e1gina web: Tud\u00e1s Alap\u00edtv\u00e1ny La Tud\u00e1s Alap\u00edtv\u00e1ny (Fundaci\u00f3n del Conocimiento) se cre\u00f3 en 1994. Sus objetivos son: Dentro de los objetivos generales enumerados anteriormente: Para m\u00e1s informaci\u00f3n por favor visiten nuestra p\u00e1gina web:<\/p>\n","protected":false},"author":1,"featured_media":0,"parent":0,"menu_order":0,"comment_status":"closed","ping_status":"closed","template":"","meta":{"footnotes":""},"class_list":["post-54","page","type-page","status-publish","hentry"],"_links":{"self":[{"href":"https:\/\/europeaninterculturaldialogue.ameyfe.es\/index.php?rest_route=\/wp\/v2\/pages\/54","targetHints":{"allow":["GET"]}}],"collection":[{"href":"https:\/\/europeaninterculturaldialogue.ameyfe.es\/index.php?rest_route=\/wp\/v2\/pages"}],"about":[{"href":"https:\/\/europeaninterculturaldialogue.ameyfe.es\/index.php?rest_route=\/wp\/v2\/types\/page"}],"author":[{"embeddable":true,"href":"https:\/\/europeaninterculturaldialogue.ameyfe.es\/index.php?rest_route=\/wp\/v2\/users\/1"}],"replies":[{"embeddable":true,"href":"https:\/\/europeaninterculturaldialogue.ameyfe.es\/index.php?rest_route=%2Fwp%2Fv2%2Fcomments&post=54"}],"version-history":[{"count":10,"href":"https:\/\/europeaninterculturaldialogue.ameyfe.es\/index.php?rest_route=\/wp\/v2\/pages\/54\/revisions"}],"predecessor-version":[{"id":107,"href":"https:\/\/europeaninterculturaldialogue.ameyfe.es\/index.php?rest_route=\/wp\/v2\/pages\/54\/revisions\/107"}],"wp:attachment":[{"href":"https:\/\/europeaninterculturaldialogue.ameyfe.es\/index.php?rest_route=%2Fwp%2Fv2%2Fmedia&parent=54"}],"curies":[{"name":"wp","href":"https:\/\/api.w.org\/{rel}","templated":true}]}}